{"id":1847,"date":"2024-04-19T12:15:50","date_gmt":"2024-04-19T10:15:50","guid":{"rendered":"https:\/\/livesfullofgood.com\/?page_id=1847"},"modified":"2024-04-19T12:15:52","modified_gmt":"2024-04-19T10:15:52","slug":"rezepte-fuer-stressfreieres-kochen%f0%9f%98%8d","status":"publish","type":"page","link":"https:\/\/livesfullofgood.com\/en\/rezepte-fuer-stressfreieres-kochen%f0%9f%98%8d\/","title":{"rendered":"Recipes for stress-free cooking\ud83d\ude0d"},"content":{"rendered":"<p>We all need and love food\u2026 but sometimes cooking not so much. <\/p>\n\n\n\n<p>Here you can find my favorite recipes that I have collected and refined over the years. <\/p>\n\n\n\n<p>The list is still incomplete, but these are my most important recipes for everyday life.<\/p>\n\n\n\n<p>Because a collection of 359 recipes doesn&#039;t help me at all when I&#039;m standing in the kitchen and don&#039;t know what to cook.<\/p>\n\n\n\n<p>You probably feel the same way, so here is the link \ud83e\udd29<\/p>\n\n\n\n                <div class=\"ml-embedded\" data-form=\"agzyPa\"><\/div>","protected":false},"excerpt":{"rendered":"<p>Wir alle brauchen und lieben essen&#8230; das kochen manchmal nicht so sehr. Hier kannst du meine Lieblingsrezepte finden, die ich \u00fcber die Jahre gesammelt und verfeinert habe. Die Liste ist noch unvollst\u00e4ndig, aber das sind meine wichtigsten Rezepte f\u00fcr den Alltag. Denn eine Sammlung von 359 Rezepten hilft mir \u00fcberhaupt nicht, wenn ich in der &hellip; <a href=\"https:\/\/livesfullofgood.com\/en\/rezepte-fuer-stressfreieres-kochen%f0%9f%98%8d\/\" class=\"more-link\">Continue reading <span class=\"screen-reader-text\">Recipes for stress-free cooking\ud83d\ude0d<\/span><\/a><\/p>","protected":false},"author":1,"featured_media":0,"parent":0,"menu_order":0,"comment_status":"closed","ping_status":"closed","template":"","meta":{"footnotes":""},"class_list":["post-1847","page","type-page","status-publish","hentry"],"aioseo_notices":[],"jetpack_sharing_enabled":true,"jetpack_likes_enabled":true,"_links":{"self":[{"href":"https:\/\/livesfullofgood.com\/en\/wp-json\/wp\/v2\/pages\/1847","targetHints":{"allow":["GET"]}}],"collection":[{"href":"https:\/\/livesfullofgood.com\/en\/wp-json\/wp\/v2\/pages"}],"about":[{"href":"https:\/\/livesfullofgood.com\/en\/wp-json\/wp\/v2\/types\/page"}],"author":[{"embeddable":true,"href":"https:\/\/livesfullofgood.com\/en\/wp-json\/wp\/v2\/users\/1"}],"replies":[{"embeddable":true,"href":"https:\/\/livesfullofgood.com\/en\/wp-json\/wp\/v2\/comments?post=1847"}],"version-history":[{"count":2,"href":"https:\/\/livesfullofgood.com\/en\/wp-json\/wp\/v2\/pages\/1847\/revisions"}],"predecessor-version":[{"id":1849,"href":"https:\/\/livesfullofgood.com\/en\/wp-json\/wp\/v2\/pages\/1847\/revisions\/1849"}],"wp:attachment":[{"href":"https:\/\/livesfullofgood.com\/en\/wp-json\/wp\/v2\/media?parent=1847"}],"curies":[{"name":"wp","href":"https:\/\/api.w.org\/{rel}","templated":true}]}}