{"id":1772,"date":"2023-09-26T11:39:46","date_gmt":"2023-09-26T09:39:46","guid":{"rendered":"https:\/\/livesfullofgood.com\/?page_id=1772"},"modified":"2023-09-28T18:43:55","modified_gmt":"2023-09-28T16:43:55","slug":"3-tage-ehe-challenge-fuer-deine-ehe","status":"publish","type":"page","link":"https:\/\/livesfullofgood.com\/en\/3-tage-ehe-challenge-fuer-deine-ehe\/","title":{"rendered":"Questionnaires 3-Day Marriage Challenge"},"content":{"rendered":"<div class=\"wp-block-columns is-layout-flex wp-container-core-columns-is-layout-9d6595d7 wp-block-columns-is-layout-flex\">\n<div class=\"wp-block-column is-layout-flow wp-block-column-is-layout-flow\">\n<h2 class=\"wp-block-heading\">Registration questionnaire<\/h2>\n\n\n\n<p>Download the questionnaire and send it as an attachment to <a href=\"mailto:anitariecker@livesfullofgood.com\" target=\"_blank\" rel=\"noopener\" title=\"\">anitariecker@livesfullofgood.com<\/a>This helps me get to know you better and prepare the course for you as best as possible.<\/p>\n\n\n\n<div data-wp-interactive=\"core\/file\" class=\"wp-block-file\"><object data-wp-bind--hidden=\"!state.hasPdfPreview\" hidden class=\"wp-block-file__embed\" data=\"https:\/\/livesfullofgood.com\/wp-content\/uploads\/clickbarer-Fragebogen-ehe-kurs-4.pdf\" type=\"application\/pdf\" style=\"width:100%;height:600px\" aria-label=\"Embed of Fragebogen-3-Tage-Ehe-Challenge.\"><\/object><a id=\"wp-block-file--media-377fc91b-bfd1-4108-ae56-38d30c16a736\" href=\"https:\/\/livesfullofgood.com\/wp-content\/uploads\/clickbarer-Fragebogen-ehe-kurs-4.pdf\">Questionnaire 3-Day Marriage Challenge<\/a><a href=\"https:\/\/livesfullofgood.com\/wp-content\/uploads\/clickbarer-Fragebogen-ehe-kurs-4.pdf\" class=\"wp-block-file__button wp-element-button\" download aria-describedby=\"wp-block-file--media-377fc91b-bfd1-4108-ae56-38d30c16a736\">Download<\/a><\/div>\n<\/div>\n\n\n\n<div class=\"wp-block-column is-layout-flow wp-block-column-is-layout-flow\">\n<h2 class=\"wp-block-heading\">Relationship stress test <\/h2>\n\n\n\n<p>You can download the test here and complete it digitally or in print. <\/p>\n\n\n\n<p>The test will help you reflect on where you and your partner stand in your relationship.<\/p>\n\n\n\n<div data-wp-interactive=\"core\/file\" class=\"wp-block-file\"><object data-wp-bind--hidden=\"!state.hasPdfPreview\" hidden class=\"wp-block-file__embed\" data=\"https:\/\/livesfullofgood.com\/wp-content\/uploads\/ehe-belastungs-test-clickable-2.pdf\" type=\"application\/pdf\" style=\"width:100%;height:600px\" aria-label=\"Embed of ehe-belastungs-test clickbar.\"><\/object><a id=\"wp-block-file--media-8fa543a1-0803-4585-8d44-11336584cc12\" href=\"https:\/\/livesfullofgood.com\/wp-content\/uploads\/ehe-belastungs-test-clickable-2.pdf\">marriage stress test clickable<\/a><a href=\"https:\/\/livesfullofgood.com\/wp-content\/uploads\/ehe-belastungs-test-clickable-2.pdf\" class=\"wp-block-file__button wp-element-button\" download aria-describedby=\"wp-block-file--media-8fa543a1-0803-4585-8d44-11336584cc12\">Download<\/a><\/div>\n<\/div>\n<\/div>","protected":false},"excerpt":{"rendered":"<p>Fragebogen zur Registrierung Lade den Fragebogen herunter und schicke ihn ausgef\u00fcllt als Anhang an anitariecker@livesfullofgood.com. Das hilft mir, dich besser kennenzulernen und den Kurs so gut wie m\u00f6glich f\u00fcr dich vorzubereiten. Beziehungs-Belastungs-Test Hier kannst du den Test herunterladen und digital oder ausgedruckt ausf\u00fcllen. Der Test wird dir helfen, zu reflektieren, wo du und dein Partner &hellip; <a href=\"https:\/\/livesfullofgood.com\/en\/3-tage-ehe-challenge-fuer-deine-ehe\/\" class=\"more-link\">Continue reading <span class=\"screen-reader-text\">Questionnaires 3-Day Marriage Challenge<\/span><\/a><\/p>","protected":false},"author":1,"featured_media":0,"parent":0,"menu_order":0,"comment_status":"closed","ping_status":"closed","template":"","meta":{"footnotes":""},"class_list":["post-1772","page","type-page","status-publish","hentry"],"aioseo_notices":[],"jetpack_sharing_enabled":true,"jetpack_likes_enabled":true,"_links":{"self":[{"href":"https:\/\/livesfullofgood.com\/en\/wp-json\/wp\/v2\/pages\/1772","targetHints":{"allow":["GET"]}}],"collection":[{"href":"https:\/\/livesfullofgood.com\/en\/wp-json\/wp\/v2\/pages"}],"about":[{"href":"https:\/\/livesfullofgood.com\/en\/wp-json\/wp\/v2\/types\/page"}],"author":[{"embeddable":true,"href":"https:\/\/livesfullofgood.com\/en\/wp-json\/wp\/v2\/users\/1"}],"replies":[{"embeddable":true,"href":"https:\/\/livesfullofgood.com\/en\/wp-json\/wp\/v2\/comments?post=1772"}],"version-history":[{"count":7,"href":"https:\/\/livesfullofgood.com\/en\/wp-json\/wp\/v2\/pages\/1772\/revisions"}],"predecessor-version":[{"id":1792,"href":"https:\/\/livesfullofgood.com\/en\/wp-json\/wp\/v2\/pages\/1772\/revisions\/1792"}],"wp:attachment":[{"href":"https:\/\/livesfullofgood.com\/en\/wp-json\/wp\/v2\/media?parent=1772"}],"curies":[{"name":"wp","href":"https:\/\/api.w.org\/{rel}","templated":true}]}}